{"id":20899,"date":"2022-01-25T16:03:21","date_gmt":"2022-01-25T21:03:21","guid":{"rendered":"https:\/\/www.randolph.ca\/confirmation-de-reservation\/"},"modified":"2022-01-31T10:37:47","modified_gmt":"2022-01-31T15:37:47","slug":"confirmation-de-reservation","status":"publish","type":"page","link":"https:\/\/www.randolph.ca\/en\/confirmation-de-reservation\/","title":{"rendered":"Confirmation de r\u00e9servation"},"content":{"rendered":"<div>\n<div>Tous nos services sont personnalis\u00e9s selon vos go\u00fbts et vos besoins. Pour obtenir un service d&#8217;animation personnalis\u00e9, remplissez le formulaire.<\/div>\n<\/div>\n","protected":false},"excerpt":{"rendered":"<p>Tous nos services sont personnalis\u00e9s selon vos go\u00fbts et vos besoins. Pour obtenir un service d&#8217;animation personnalis\u00e9, remplissez le formulaire.<\/p>\n","protected":false},"author":1,"featured_media":0,"parent":0,"menu_order":0,"comment_status":"closed","ping_status":"closed","template":"page-templates\/page-reservation-animation-feedback.php","meta":{"_acf_changed":false,"footnotes":""},"class_list":["post-20899","page","type-page","status-publish","hentry"],"acf":[],"_links":{"self":[{"href":"https:\/\/www.randolph.ca\/en\/wp-json\/wp\/v2\/pages\/20899","targetHints":{"allow":["GET"]}}],"collection":[{"href":"https:\/\/www.randolph.ca\/en\/wp-json\/wp\/v2\/pages"}],"about":[{"href":"https:\/\/www.randolph.ca\/en\/wp-json\/wp\/v2\/types\/page"}],"author":[{"embeddable":true,"href":"https:\/\/www.randolph.ca\/en\/wp-json\/wp\/v2\/users\/1"}],"replies":[{"embeddable":true,"href":"https:\/\/www.randolph.ca\/en\/wp-json\/wp\/v2\/comments?post=20899"}],"version-history":[{"count":1,"href":"https:\/\/www.randolph.ca\/en\/wp-json\/wp\/v2\/pages\/20899\/revisions"}],"predecessor-version":[{"id":20925,"href":"https:\/\/www.randolph.ca\/en\/wp-json\/wp\/v2\/pages\/20899\/revisions\/20925"}],"wp:attachment":[{"href":"https:\/\/www.randolph.ca\/en\/wp-json\/wp\/v2\/media?parent=20899"}],"curies":[{"name":"wp","href":"https:\/\/api.w.org\/{rel}","templated":true}]}}